{"id":112,"date":"2023-06-16T20:50:59","date_gmt":"2023-06-16T20:50:59","guid":{"rendered":"https:\/\/amacademy.fr\/contact\/"},"modified":"2025-01-09T14:17:08","modified_gmt":"2025-01-09T14:17:08","slug":"contact","status":"publish","type":"page","link":"https:\/\/amacademy.fr\/?page_id=112","title":{"rendered":"Contact"},"content":{"rendered":"\t\t<div data-elementor-type=\"wp-post\" data-elementor-id=\"112\" class=\"elementor elementor-112\">\n\t\t\t\t<div class=\"elementor-element elementor-element-7bLOYLIe e-con-full   e-flex e-con e-parent\" data-id=\"7bLOYLIe\" data-element_type=\"container\">\n\t\t<div class=\"elementor-element elementor-element-FsVmzw3J e-con-full   e-flex e-con e-child\" data-id=\"FsVmzw3J\" data-element_type=\"container\" data-settings=\"{&quot;background_background&quot;:&quot;classic&quot;}\">\n\t\t\t\t<div class=\"elementor-element elementor-element-MPHSN3hX elementor-widget__width-inherit elementor-widget-mobile__width-inherit   exad-sticky-section-no exad-glass-effect-no elementor-widget elementor-widget-heading\" data-id=\"MPHSN3hX\" data-element_type=\"widget\" data-widget_type=\"heading.default\">\n\t\t\t\t<div class=\"elementor-widget-container\">\n\t\t\t\t\t<h4 class=\"elementor-heading-title elementor-size-default\">Formulaire de contact<\/h4>\t\t\t\t<\/div>\n\t\t\t\t<\/div>\n\t\t\t\t<div class=\"elementor-element elementor-element-gjFpHtVE elementor-widget__width-inherit elementor-widget-mobile__width-inherit   elementor-absolute exad-sticky-section-no exad-glass-effect-no elementor-widget elementor-widget-image\" data-id=\"gjFpHtVE\" data-element_type=\"widget\" data-settings=\"{&quot;_position&quot;:&quot;absolute&quot;}\" data-widget_type=\"image.default\">\n\t\t\t\t<div class=\"elementor-widget-container\">\n\t\t\t\t\t\t\t\t\t\t\t\t\t\t\t<img fetchpriority=\"high\" decoding=\"async\" width=\"300\" height=\"169\" src=\"https:\/\/amacademy.fr\/wp-content\/uploads\/2023\/06\/shape2.png\" class=\"attachment-medium size-medium wp-image-37\" alt=\"\" srcset=\"https:\/\/amacademy.fr\/wp-content\/uploads\/2023\/06\/shape2.png 1920w, https:\/\/amacademy.fr\/wp-content\/uploads\/2023\/06\/shape2-768x432.png 768w\" sizes=\"(max-width: 300px) 100vw, 300px\" \/>\t\t\t\t\t\t\t\t\t\t\t\t\t\t\t<\/div>\n\t\t\t\t<\/div>\n\t\t\t\t<\/div>\n\t\t\t\t<\/div>\n\t\t<div class=\"elementor-element elementor-element-M3tA6Mff   e-flex e-con-boxed e-con e-parent\" data-id=\"M3tA6Mff\" data-element_type=\"container\">\n\t\t\t\t\t<div class=\"e-con-inner\">\n\t\t<div class=\"elementor-element elementor-element-pOf4L3nd   e-flex e-con-boxed e-con e-child\" data-id=\"pOf4L3nd\" data-element_type=\"container\" id=\"contact\" data-settings=\"{&quot;background_background&quot;:&quot;classic&quot;}\">\n\t\t\t\t\t<div class=\"e-con-inner\">\n\t\t\t\t<div class=\"elementor-element elementor-element-1GLWqu8J elementor-widget__width-inherit elementor-widget-mobile__width-inherit   exad-sticky-section-no exad-glass-effect-no elementor-widget elementor-widget-heading\" data-id=\"1GLWqu8J\" data-element_type=\"widget\" data-widget_type=\"heading.default\">\n\t\t\t\t<div class=\"elementor-widget-container\">\n\t\t\t\t\t<h4 class=\"elementor-heading-title elementor-size-default\">Contactez-nous pour tout renseignement compl\u00e9mentaire ou pour effectuer une r\u00e9clamation<\/h4>\t\t\t\t<\/div>\n\t\t\t\t<\/div>\n\t\t\t\t<div class=\"elementor-element elementor-element-5akptwxo elementor-widget__width-inherit elementor-widget-mobile__width-inherit   elementor-button-align-stretch exad-sticky-section-no exad-glass-effect-no elementor-widget elementor-widget-twbb_form\" data-id=\"5akptwxo\" data-element_type=\"widget\" data-settings=\"{&quot;step_next_label&quot;:&quot;Next&quot;,&quot;step_previous_label&quot;:&quot;Previous&quot;,&quot;button_width&quot;:&quot;100&quot;,&quot;step_type&quot;:&quot;number_text&quot;,&quot;step_icon_shape&quot;:&quot;circle&quot;}\" data-widget_type=\"twbb_form.default\">\n\t\t\t\t<div class=\"elementor-widget-container\">\n\t\t\t\t\t\t\t<form class=\"elementor-form\" method=\"post\" name=\"New Form\">\n\t\t\t<input type=\"hidden\" name=\"post_id\" value=\"112\"\/>\n\t\t\t<input type=\"hidden\" name=\"form_id\" value=\"5akptwxo\"\/>\n\t\t\t<input type=\"hidden\" name=\"referer_title\" value=\"Am Academy: Online Marketing &amp; Ecommerce Training\" \/>\n\n\t\t\t\n\t\t\t<div class=\"elementor-form-fields-wrapper elementor-labels-above\">\n\t\t\t\t\t\t\t\t<div class=\"elementor-field-type-text elementor-field-group elementor-column elementor-field-group-field_lBQtGJwy elementor-col-50\">\n\t\t\t\t\t\t\t\t\t\t\t\t<label for=\"form-field-field_lBQtGJwy\" class=\"elementor-field-label\">\n\t\t\t\t\t\t\t\tNom *\t\t\t\t\t\t\t<\/label>\n\t\t\t\t\t\t\t\t\t\t\t\t\t\t<input size=\"1\" type=\"text\" name=\"form_fields[field_lBQtGJwy]\" id=\"form-field-field_lBQtGJwy\" class=\"elementor-field elementor-size-sm  elementor-field-textual\" placeholder=\"Nom :\">\n\t\t\t\t\t\t\t\t\t\t\t<\/div>\n\t\t\t\t\t\t\t\t<div class=\"elementor-field-type-email elementor-field-group elementor-column elementor-field-group-field_CT4ZrgUo elementor-col-50\">\n\t\t\t\t\t\t\t\t\t\t\t\t<label for=\"form-field-field_CT4ZrgUo\" class=\"elementor-field-label\">\n\t\t\t\t\t\t\t\tEmail *\t\t\t\t\t\t\t<\/label>\n\t\t\t\t\t\t\t\t\t\t\t\t\t\t<input size=\"1\" type=\"email\" name=\"form_fields[field_CT4ZrgUo]\" id=\"form-field-field_CT4ZrgUo\" class=\"elementor-field elementor-size-sm  elementor-field-textual\" placeholder=\"Email :\">\n\t\t\t\t\t\t\t\t\t\t\t<\/div>\n\t\t\t\t\t\t\t\t<div class=\"elementor-field-type-text elementor-field-group elementor-column elementor-field-group-field_L1vjdPJn elementor-col-100\">\n\t\t\t\t\t\t\t\t\t\t\t\t<label for=\"form-field-field_L1vjdPJn\" class=\"elementor-field-label\">\n\t\t\t\t\t\t\t\tT\u00e9l\u00e9phone *\t\t\t\t\t\t\t<\/label>\n\t\t\t\t\t\t\t\t\t\t\t\t\t\t<input size=\"1\" type=\"text\" name=\"form_fields[field_L1vjdPJn]\" id=\"form-field-field_L1vjdPJn\" class=\"elementor-field elementor-size-sm  elementor-field-textual\" placeholder=\"T\u00e9l\u00e9phone\">\n\t\t\t\t\t\t\t\t\t\t\t<\/div>\n\t\t\t\t\t\t\t\t<div class=\"elementor-field-type-textarea elementor-field-group elementor-column elementor-field-group-field_qakRUgeH elementor-col-100\">\n\t\t\t\t\t\t\t\t\t\t\t\t<label for=\"form-field-field_qakRUgeH\" class=\"elementor-field-label\">\n\t\t\t\t\t\t\t\tMessage\t\t\t\t\t\t\t<\/label>\n\t\t\t\t\t\t<textarea class=\"elementor-field-textual elementor-field  elementor-size-sm\" name=\"form_fields[field_qakRUgeH]\" id=\"form-field-field_qakRUgeH\" rows=\"4\" placeholder=\"Votre message :\"><\/textarea>\t\t\t\t<\/div>\n\t\t\t\t\t\t\t\t<div class=\"elementor-field-group elementor-column elementor-field-type-submit elementor-col-100 e-form__buttons\">\n\t\t\t\t\t<button type=\"submit\" class=\"elementor-button\">\n\t\t\t\t\t\t<span >\n\t\t\t\t\t\t\t\t\t\t\t\t\t\t\t<span class=\" elementor-button-icon\">\n\t\t\t\t\t\t\t\t\t\t\t\t\t\t\t\t\t\t\t\t\t\t\t\t\t\t<\/span>\n\t\t\t\t\t\t\t\t\t\t\t\t\t\t\t\t\t\t\t\t\t\t<span class=\"elementor-button-text\">Envoyer<\/span>\n\t\t\t\t\t\t\t\t\t\t\t\t\t<\/span>\n\t\t\t\t\t<\/button>\n          <button type=\"reset\" class=\"elementor-button elementor-hidden\">\n\t\t\t\t\t\t<span >\n\t\t\t\t\t\t\t              \t\t\t\t\t\t<\/span>\n          <\/button>\n\t\t\t\t<\/div>\n            \t\t\t<\/div>\n\t\t<\/form>\n\t\t\t\t\t\t<\/div>\n\t\t\t\t<\/div>\n\t\t\t\t\t<\/div>\n\t\t\t\t<\/div>\n\t\t\t\t<div class=\"elementor-element elementor-element-Dyg4h95p elementor-widget__width-initial elementor-widget-mobile__width-inherit   exad-sticky-section-no exad-glass-effect-no elementor-widget elementor-widget-google_maps\" data-id=\"Dyg4h95p\" data-element_type=\"widget\" data-widget_type=\"google_maps.default\">\n\t\t\t\t<div class=\"elementor-widget-container\">\n\t\t\t\t\t\t\t<div class=\"elementor-custom-embed\">\n\t\t\t<iframe loading=\"lazy\"\n\t\t\t\t\tsrc=\"https:\/\/maps.google.com\/maps?q=12%20rue%20du%20peuple%20&#038;t=m&#038;z=10&#038;output=embed&#038;iwloc=near\"\n\t\t\t\t\ttitle=\"12 rue du peuple \"\n\t\t\t\t\taria-label=\"12 rue du peuple \"\n\t\t\t><\/iframe>\n\t\t<\/div>\n\t\t\t\t\t\t<\/div>\n\t\t\t\t<\/div>\n\t\t\t\t\t<\/div>\n\t\t\t\t<\/div>\n\t\t<div class=\"elementor-element elementor-element-Cn2Vdpo9   e-flex e-con-boxed e-con e-parent\" data-id=\"Cn2Vdpo9\" data-element_type=\"container\">\n\t\t\t\t\t<div class=\"e-con-inner\">\n\t\t\t\t<div class=\"elementor-element elementor-element-iS4cl3kX elementor-widget__width-initial elementor-widget-mobile__width-inherit   elementor-position-top exad-sticky-section-no exad-glass-effect-no elementor-widget elementor-widget-image-box\" data-id=\"iS4cl3kX\" data-element_type=\"widget\" data-widget_type=\"image-box.default\">\n\t\t\t\t<div class=\"elementor-widget-container\">\n\t\t\t\t\t<div class=\"elementor-image-box-wrapper\"><figure class=\"elementor-image-box-img\"><img decoding=\"async\" src=\"https:\/\/amacademy.fr\/wp-content\/uploads\/2023\/06\/bitcoin.svg\" title=\"\" alt=\"\" loading=\"lazy\" \/><\/figure><div class=\"elementor-image-box-content\"><h4 class=\"elementor-image-box-title\">T\u00e9l\u00e9phone<\/h4><p class=\"elementor-image-box-description\">06 80 71 42 87<\/p><\/div><\/div>\t\t\t\t<\/div>\n\t\t\t\t<\/div>\n\t\t<div class=\"elementor-element elementor-element-L9EvELSW e-con-full   e-flex e-con e-child\" data-id=\"L9EvELSW\" data-element_type=\"container\" data-settings=\"{&quot;background_background&quot;:&quot;classic&quot;}\">\n\t\t\t\t<div class=\"elementor-element elementor-element-fjsiaxOg elementor-widget__width-inherit elementor-widget-mobile__width-inherit   exad-sticky-section-no exad-glass-effect-no elementor-widget elementor-widget-image\" data-id=\"fjsiaxOg\" data-element_type=\"widget\" data-widget_type=\"image.default\">\n\t\t\t\t<div class=\"elementor-widget-container\">\n\t\t\t\t\t\t\t\t\t\t\t\t\t\t\t<img decoding=\"async\" src=\"https:\/\/amacademy.fr\/wp-content\/uploads\/2023\/06\/Email.svg\" title=\"\" alt=\"\" loading=\"lazy\" \/>\t\t\t\t\t\t\t\t\t\t\t\t\t\t\t<\/div>\n\t\t\t\t<\/div>\n\t\t\t\t<div class=\"elementor-element elementor-element-ghiFJCE1 elementor-widget__width-inherit elementor-widget-mobile__width-inherit   exad-sticky-section-no exad-glass-effect-no elementor-widget elementor-widget-image-box\" data-id=\"ghiFJCE1\" data-element_type=\"widget\" data-widget_type=\"image-box.default\">\n\t\t\t\t<div class=\"elementor-widget-container\">\n\t\t\t\t\t<div class=\"elementor-image-box-wrapper\"><div class=\"elementor-image-box-content\"><h4 class=\"elementor-image-box-title\"><a href=\"#LvkQTgnW\">Email<\/a><\/h4><\/div><\/div>\t\t\t\t<\/div>\n\t\t\t\t<\/div>\n\t\t\t\t<div class=\"elementor-element elementor-element-5b976c6 elementor-widget__width-inherit elementor-widget-mobile__width-inherit   elementor-position-top exad-sticky-section-no exad-glass-effect-no elementor-widget elementor-widget-image-box\" data-id=\"5b976c6\" data-element_type=\"widget\" data-widget_type=\"image-box.default\">\n\t\t\t\t<div class=\"elementor-widget-container\">\n\t\t\t\t\t<div class=\"elementor-image-box-wrapper\"><figure class=\"elementor-image-box-img\"><a href=\"#LvkQTgnW\" tabindex=\"-1\"><img decoding=\"async\" width=\"488\" height=\"54\" src=\"https:\/\/amacademy.fr\/wp-content\/uploads\/2023\/07\/Capture-decran-2023-06-16-230058.png\" class=\"attachment-full size-full wp-image-451\" alt=\"\" srcset=\"https:\/\/amacademy.fr\/wp-content\/uploads\/2023\/07\/Capture-decran-2023-06-16-230058.png 488w, https:\/\/amacademy.fr\/wp-content\/uploads\/2023\/07\/Capture-decran-2023-06-16-230058-300x33.png 300w\" sizes=\"(max-width: 488px) 100vw, 488px\" \/><\/a><\/figure><\/div>\t\t\t\t<\/div>\n\t\t\t\t<\/div>\n\t\t\t\t<\/div>\n\t\t\t\t<div class=\"elementor-element elementor-element-MUITYayx elementor-widget__width-initial elementor-widget-mobile__width-inherit   elementor-position-top exad-sticky-section-no exad-glass-effect-no elementor-widget elementor-widget-image-box\" data-id=\"MUITYayx\" data-element_type=\"widget\" data-widget_type=\"image-box.default\">\n\t\t\t\t<div class=\"elementor-widget-container\">\n\t\t\t\t\t<div class=\"elementor-image-box-wrapper\"><figure class=\"elementor-image-box-img\"><img decoding=\"async\" src=\"https:\/\/amacademy.fr\/wp-content\/uploads\/2023\/06\/location.svg\" title=\"\" alt=\"\" loading=\"lazy\" \/><\/figure><div class=\"elementor-image-box-content\"><h4 class=\"elementor-image-box-title\">Adresse<\/h4><p class=\"elementor-image-box-description\">12 rue du peuple, 60340, Saint Leu d'Esserent<\/p><\/div><\/div>\t\t\t\t<\/div>\n\t\t\t\t<\/div>\n\t\t\t\t\t<\/div>\n\t\t\t\t<\/div>\n\t\t<div class=\"elementor-element elementor-element-QGEaRXkr   e-flex e-con-boxed e-con e-parent\" data-id=\"QGEaRXkr\" data-element_type=\"container\">\n\t\t\t\t\t<div class=\"e-con-inner\">\n\t\t\t\t<div class=\"elementor-element elementor-element-q5T13thu elementor-widget__width-inherit elementor-widget-mobile__width-inherit   exad-sticky-section-no exad-glass-effect-no elementor-widget elementor-widget-text-editor\" data-id=\"q5T13thu\" data-element_type=\"widget\" data-widget_type=\"text-editor.default\">\n\t\t\t\t<div class=\"elementor-widget-container\">\n\t\t\t\t\t\t\t\t\t<p>R\u00e9f\u00e9rent handicap<\/p>\t\t\t\t\t\t\t\t<\/div>\n\t\t\t\t<\/div>\n\t\t\t\t\t<\/div>\n\t\t\t\t<\/div>\n\t\t<div class=\"elementor-element elementor-element-clo7fcZq   e-flex e-con-boxed e-con e-parent\" data-id=\"clo7fcZq\" data-element_type=\"container\">\n\t\t\t\t\t<div class=\"e-con-inner\">\n\t\t\t\t<div class=\"elementor-element elementor-element-vmUulkQ6 elementor-widget__width-inherit elementor-widget-mobile__width-inherit   exad-sticky-section-no exad-glass-effect-no elementor-widget elementor-widget-text-editor\" data-id=\"vmUulkQ6\" data-element_type=\"widget\" data-widget_type=\"text-editor.default\">\n\t\t\t\t<div class=\"elementor-widget-container\">\n\t\t\t\t\t\t\t\t\t<p>Xhani Bedzeti<\/p>\t\t\t\t\t\t\t\t<\/div>\n\t\t\t\t<\/div>\n\t\t\t\t\t<\/div>\n\t\t\t\t<\/div>\n\t\t<div class=\"elementor-element elementor-element-rW0ui5ll e-con-full   e-flex e-con e-parent\" data-id=\"rW0ui5ll\" data-element_type=\"container\">\n\t\t\t\t<div class=\"elementor-element elementor-element-mKVnKUNy elementor-widget__width-inherit elementor-widget-mobile__width-inherit   exad-sticky-section-no exad-glass-effect-no elementor-widget elementor-widget-image\" data-id=\"mKVnKUNy\" data-element_type=\"widget\" data-widget_type=\"image.default\">\n\t\t\t\t<div class=\"elementor-widget-container\">\n\t\t\t\t\t\t\t\t\t\t\t\t\t\t\t<img decoding=\"async\" width=\"524\" height=\"45\" src=\"https:\/\/amacademy.fr\/wp-content\/uploads\/2023\/06\/Capture-decran-2023-06-16-230455.png\" class=\"attachment-full size-full wp-image-122\" alt=\"\" srcset=\"https:\/\/amacademy.fr\/wp-content\/uploads\/2023\/06\/Capture-decran-2023-06-16-230455.png 524w, https:\/\/amacademy.fr\/wp-content\/uploads\/2023\/06\/Capture-decran-2023-06-16-230455-300x26.png 300w\" sizes=\"(max-width: 524px) 100vw, 524px\" \/>\t\t\t\t\t\t\t\t\t\t\t\t\t\t\t<\/div>\n\t\t\t\t<\/div>\n\t\t\t\t<\/div>\n\t\t\t\t<\/div>\n\t\t","protected":false},"excerpt":{"rendered":"<p>Formulaire de contact Contactez-nous pour tout renseignement compl\u00e9mentaire ou pour effectuer une r\u00e9clamation T\u00e9l\u00e9phone 06 80 71 42 87 Email Adresse 12 rue du peuple, 60340, Saint Leu d&#8217;Esserent R\u00e9f\u00e9rent handicap Xhani Bedzeti<\/p>\n","protected":false},"author":2,"featured_media":0,"parent":0,"menu_order":0,"comment_status":"closed","ping_status":"publish","template":"elementor_header_footer","meta":{"inline_featured_image":false,"_uf_show_specific_survey":0,"_uf_disable_surveys":false,"two_page_speed":[],"footnotes":""},"class_list":["post-112","page","type-page","status-publish","hentry"],"yoast_head":"<!-- This site is optimized with the Yoast SEO plugin v21.6 - https:\/\/yoast.com\/wordpress\/plugins\/seo\/ -->\n<title>Contactez-nous pour une Consultation en Marketing Digital<\/title>\n<meta name=\"description\" content=\"Contactez-nous d\u00e8s aujourd&#039;hui pour discuter de vos besoins. Notre \u00e9quipe d\u00e9di\u00e9e est pr\u00eate \u00e0 vous accompagner vers le succ\u00e8s.\" \/>\n<meta name=\"robots\" content=\"index, follow, max-snippet:-1, max-image-preview:large, max-video-preview:-1\" \/>\n<link rel=\"canonical\" href=\"https:\/\/amacademy.fr\/?page_id=112\" \/>\n<meta property=\"og:locale\" content=\"en_US\" \/>\n<meta property=\"og:type\" content=\"article\" \/>\n<meta property=\"og:title\" content=\"Contactez-nous pour une Consultation en Marketing Digital\" \/>\n<meta property=\"og:description\" content=\"Contactez-nous d\u00e8s aujourd&#039;hui pour discuter de vos besoins. Notre \u00e9quipe d\u00e9di\u00e9e est pr\u00eate \u00e0 vous accompagner vers le succ\u00e8s.\" \/>\n<meta property=\"og:url\" content=\"https:\/\/amacademy.fr\/?page_id=112\" \/>\n<meta property=\"og:site_name\" content=\"Am Academy: Online Marketing &amp; Ecommerce Training\" \/>\n<meta property=\"article:modified_time\" content=\"2025-01-09T14:17:08+00:00\" \/>\n<meta property=\"og:image\" content=\"https:\/\/amacademy.fr\/wp-content\/uploads\/2023\/06\/shape2.png\" \/>\n<meta name=\"twitter:card\" content=\"summary_large_image\" \/>\n<meta name=\"twitter:label1\" content=\"Est. reading time\" \/>\n\t<meta name=\"twitter:data1\" content=\"18 minutes\" \/>\n<script type=\"application\/ld+json\" class=\"yoast-schema-graph\">{\"@context\":\"https:\/\/schema.org\",\"@graph\":[{\"@type\":\"WebPage\",\"@id\":\"https:\/\/amacademy.fr\/?page_id=112\",\"url\":\"https:\/\/amacademy.fr\/?page_id=112\",\"name\":\"Contactez-nous pour une Consultation en Marketing Digital\",\"isPartOf\":{\"@id\":\"https:\/\/amacademy.fr\/#website\"},\"datePublished\":\"2023-06-16T20:50:59+00:00\",\"dateModified\":\"2025-01-09T14:17:08+00:00\",\"description\":\"Contactez-nous d\u00e8s aujourd'hui pour discuter de vos besoins. Notre \u00e9quipe d\u00e9di\u00e9e est pr\u00eate \u00e0 vous accompagner vers le succ\u00e8s.\",\"breadcrumb\":{\"@id\":\"https:\/\/amacademy.fr\/?page_id=112#breadcrumb\"},\"inLanguage\":\"en-US\",\"potentialAction\":[{\"@type\":\"ReadAction\",\"target\":[\"https:\/\/amacademy.fr\/?page_id=112\"]}]},{\"@type\":\"BreadcrumbList\",\"@id\":\"https:\/\/amacademy.fr\/?page_id=112#breadcrumb\",\"itemListElement\":[{\"@type\":\"ListItem\",\"position\":1,\"name\":\"Home\",\"item\":\"https:\/\/amacademy.fr\/\"},{\"@type\":\"ListItem\",\"position\":2,\"name\":\"Contact\"}]},{\"@type\":\"WebSite\",\"@id\":\"https:\/\/amacademy.fr\/#website\",\"url\":\"https:\/\/amacademy.fr\/\",\"name\":\"Am Academy: Online Marketing &amp; Ecommerce Training\",\"description\":\"\",\"publisher\":{\"@id\":\"https:\/\/amacademy.fr\/#organization\"},\"potentialAction\":[{\"@type\":\"SearchAction\",\"target\":{\"@type\":\"EntryPoint\",\"urlTemplate\":\"https:\/\/amacademy.fr\/?s={search_term_string}\"},\"query-input\":\"required name=search_term_string\"}],\"inLanguage\":\"en-US\"},{\"@type\":\"Organization\",\"@id\":\"https:\/\/amacademy.fr\/#organization\",\"name\":\"Am Academy: Online Marketing &amp; Ecommerce Training\",\"url\":\"https:\/\/amacademy.fr\/\",\"logo\":{\"@type\":\"ImageObject\",\"inLanguage\":\"en-US\",\"@id\":\"https:\/\/amacademy.fr\/#\/schema\/logo\/image\/\",\"url\":\"https:\/\/amacademy.fr\/wp-content\/uploads\/2023\/12\/cropped-Am-Academy-Favicon-32x32-1.jpg\",\"contentUrl\":\"https:\/\/amacademy.fr\/wp-content\/uploads\/2023\/12\/cropped-Am-Academy-Favicon-32x32-1.jpg\",\"width\":134,\"height\":134,\"caption\":\"Am Academy: Online Marketing &amp; Ecommerce Training\"},\"image\":{\"@id\":\"https:\/\/amacademy.fr\/#\/schema\/logo\/image\/\"}}]}<\/script>\n<!-- \/ Yoast SEO plugin. -->","yoast_head_json":{"title":"Contactez-nous pour une Consultation en Marketing Digital","description":"Contactez-nous d\u00e8s aujourd'hui pour discuter de vos besoins. Notre \u00e9quipe d\u00e9di\u00e9e est pr\u00eate \u00e0 vous accompagner vers le succ\u00e8s.","robots":{"index":"index","follow":"follow","max-snippet":"max-snippet:-1","max-image-preview":"max-image-preview:large","max-video-preview":"max-video-preview:-1"},"canonical":"https:\/\/amacademy.fr\/?page_id=112","og_locale":"en_US","og_type":"article","og_title":"Contactez-nous pour une Consultation en Marketing Digital","og_description":"Contactez-nous d\u00e8s aujourd'hui pour discuter de vos besoins. Notre \u00e9quipe d\u00e9di\u00e9e est pr\u00eate \u00e0 vous accompagner vers le succ\u00e8s.","og_url":"https:\/\/amacademy.fr\/?page_id=112","og_site_name":"Am Academy: Online Marketing &amp; Ecommerce Training","article_modified_time":"2025-01-09T14:17:08+00:00","og_image":[{"url":"https:\/\/amacademy.fr\/wp-content\/uploads\/2023\/06\/shape2.png"}],"twitter_card":"summary_large_image","twitter_misc":{"Est. reading time":"18 minutes"},"schema":{"@context":"https:\/\/schema.org","@graph":[{"@type":"WebPage","@id":"https:\/\/amacademy.fr\/?page_id=112","url":"https:\/\/amacademy.fr\/?page_id=112","name":"Contactez-nous pour une Consultation en Marketing Digital","isPartOf":{"@id":"https:\/\/amacademy.fr\/#website"},"datePublished":"2023-06-16T20:50:59+00:00","dateModified":"2025-01-09T14:17:08+00:00","description":"Contactez-nous d\u00e8s aujourd'hui pour discuter de vos besoins. Notre \u00e9quipe d\u00e9di\u00e9e est pr\u00eate \u00e0 vous accompagner vers le succ\u00e8s.","breadcrumb":{"@id":"https:\/\/amacademy.fr\/?page_id=112#breadcrumb"},"inLanguage":"en-US","potentialAction":[{"@type":"ReadAction","target":["https:\/\/amacademy.fr\/?page_id=112"]}]},{"@type":"BreadcrumbList","@id":"https:\/\/amacademy.fr\/?page_id=112#breadcrumb","itemListElement":[{"@type":"ListItem","position":1,"name":"Home","item":"https:\/\/amacademy.fr\/"},{"@type":"ListItem","position":2,"name":"Contact"}]},{"@type":"WebSite","@id":"https:\/\/amacademy.fr\/#website","url":"https:\/\/amacademy.fr\/","name":"Am Academy: Online Marketing &amp; Ecommerce Training","description":"","publisher":{"@id":"https:\/\/amacademy.fr\/#organization"},"potentialAction":[{"@type":"SearchAction","target":{"@type":"EntryPoint","urlTemplate":"https:\/\/amacademy.fr\/?s={search_term_string}"},"query-input":"required name=search_term_string"}],"inLanguage":"en-US"},{"@type":"Organization","@id":"https:\/\/amacademy.fr\/#organization","name":"Am Academy: Online Marketing &amp; Ecommerce Training","url":"https:\/\/amacademy.fr\/","logo":{"@type":"ImageObject","inLanguage":"en-US","@id":"https:\/\/amacademy.fr\/#\/schema\/logo\/image\/","url":"https:\/\/amacademy.fr\/wp-content\/uploads\/2023\/12\/cropped-Am-Academy-Favicon-32x32-1.jpg","contentUrl":"https:\/\/amacademy.fr\/wp-content\/uploads\/2023\/12\/cropped-Am-Academy-Favicon-32x32-1.jpg","width":134,"height":134,"caption":"Am Academy: Online Marketing &amp; Ecommerce Training"},"image":{"@id":"https:\/\/amacademy.fr\/#\/schema\/logo\/image\/"}}]}},"_links":{"self":[{"href":"https:\/\/amacademy.fr\/index.php?rest_route=\/wp\/v2\/pages\/112","targetHints":{"allow":["GET"]}}],"collection":[{"href":"https:\/\/amacademy.fr\/index.php?rest_route=\/wp\/v2\/pages"}],"about":[{"href":"https:\/\/amacademy.fr\/index.php?rest_route=\/wp\/v2\/types\/page"}],"author":[{"embeddable":true,"href":"https:\/\/amacademy.fr\/index.php?rest_route=\/wp\/v2\/users\/2"}],"replies":[{"embeddable":true,"href":"https:\/\/amacademy.fr\/index.php?rest_route=%2Fwp%2Fv2%2Fcomments&post=112"}],"version-history":[{"count":0,"href":"https:\/\/amacademy.fr\/index.php?rest_route=\/wp\/v2\/pages\/112\/revisions"}],"wp:attachment":[{"href":"https:\/\/amacademy.fr\/index.php?rest_route=%2Fwp%2Fv2%2Fmedia&parent=112"}],"curies":[{"name":"wp","href":"https:\/\/api.w.org\/{rel}","templated":true}]}}